{"id":11,"date":"2016-06-17T13:52:42","date_gmt":"2016-06-17T13:52:42","guid":{"rendered":"http:\/\/balanceyourlifetherapy.ie\/?page_id=11"},"modified":"2020-10-10T12:03:39","modified_gmt":"2020-10-10T12:03:39","slug":"contact","status":"publish","type":"page","link":"https:\/\/balance-your-life.ie\/sk\/contact\/","title":{"rendered":"Contact"},"content":{"rendered":"<p>[vc_row full_width=&#8221;stretch_row_content_no_spaces&#8221;][vc_column offset=&#8221;vc_col-lg-6 vc_col-md-12 vc_col-xs-12&#8243;]<div class=\"vc_google_map vc_google_map-201807173\"><div class=\"map map-201807173\"><\/div><\/div>[\/vc_column][vc_column css=&#8221;.vc_custom_1473606944773{padding-top: 80px !important;padding-right: 100px !important;padding-bottom: 100px !important;padding-left: 100px !important;}&#8221; offset=&#8221;vc_col-lg-6 vc_col-md-12 vc_col-xs-12&#8243; el_class=&#8221;mobile-left-right-padding-fix&#8221;][vc_custom_heading text=&#8221;Get In Touch.&#8221; font_container=&#8221;tag:h3|font_size:48px|text_align:left|color:%23252525|line_height:1.5&#8243; use_theme_fonts=&#8221;yes&#8221;][vc_column_text][\/vc_column_text]<div role=\"form\" class=\"wpcf7\" id=\"wpcf7-f4-o1\" lang=\"en-US\" dir=\"ltr\">\n<div class=\"screen-reader-response\"><p role=\"status\" aria-live=\"polite\" aria-atomic=\"true\"><\/p> <ul><\/ul><\/div>\n<form action=\"\/sk\/wp-json\/wp\/v2\/pages\/11#wpcf7-f4-o1\" method=\"post\" class=\"wpcf7-form init\" novalidate=\"novalidate\" data-status=\"init\" data-trp-original-action=\"\/sk\/wp-json\/wp\/v2\/pages\/11#wpcf7-f4-o1\">\n<div style=\"display: none;\">\n<input type=\"hidden\" name=\"_wpcf7\" value=\"4\" \/>\n<input type=\"hidden\" name=\"_wpcf7_version\" value=\"5.3.2\" \/>\n<input type=\"hidden\" name=\"_wpcf7_locale\" value=\"en_US\" \/>\n<input type=\"hidden\" name=\"_wpcf7_unit_tag\" value=\"wpcf7-f4-o1\" \/>\n<input type=\"hidden\" name=\"_wpcf7_container_post\" value=\"0\" \/>\n<input type=\"hidden\" name=\"_wpcf7_posted_data_hash\" value=\"\" \/>\n<input type=\"hidden\" name=\"_wpcf7_recaptcha_response\" value=\"\" \/>\n<\/div>\n<div class=\"row\">\n<div class=\"col-md-6\">\n<p><label class=\"lpd_form_label\">V\u00e1\u0161e Meno<\/label><br \/>\n    <span class=\"wpcf7-form-control-wrap your-name\"><input type=\"text\" name=\"your-name\" value=\"\" size=\"40\" class=\"wpcf7-form-control wpcf7-text wpcf7-validates-as-required\" aria-required=\"true\" aria-invalid=\"false\" \/><\/span> <\/p>\n<\/div>\n<div class=\"col-md-6\">\n<p><label class=\"lpd_form_label\">V\u00e1\u0161 Email<\/label><br \/>\n    <span class=\"wpcf7-form-control-wrap your-email\"><input type=\"email\" name=\"your-email\" value=\"\" size=\"40\" class=\"wpcf7-form-control wpcf7-text wpcf7-email wpcf7-validates-as-required wpcf7-validates-as-email\" aria-required=\"true\" aria-invalid=\"false\" \/><\/span> <\/p>\n<\/div>\n<\/div>\n<p><label class=\"lpd_form_label\">Slu\u017eba<\/label><br \/>\n <span class=\"wpcf7-form-control-wrap service\"><select name=\"service\" class=\"wpcf7-form-control wpcf7-select wpcf7-validates-as-required lpd_form_label\" aria-required=\"true\" aria-invalid=\"false\"><option value=\"\">---<\/option><option value=\"Corporates Online\">Corporates Online<\/option><option value=\"Online Health Coaching\">Online zdravotn\u00e9 kou\u010dovanie<\/option><option value=\"Online Physical Therapy\">Online Fyzik\u00e1lna Terapia<\/option><option value=\"Sport Psychology\">\u0160portov\u00e1 psychol\u00f3gia<\/option><option value=\"Online Fitness Coaching\">Online Fitness kou\u010dovanie<\/option><option value=\"Online Nutrition Coaching\">Online v\u00fd\u017eiva kou\u010dovanie<\/option><option value=\"Life-Balance Programme\">Life-Balance Programme<\/option><option value=\"Workshops\">Predn\u00e1\u0161ky<\/option><\/select><\/span> <\/p>\n<p><label class=\"lpd_form_label\">Va\u0161a Spr\u00e1va<\/label><br \/>\n    <span class=\"wpcf7-form-control-wrap your-message\"><textarea name=\"your-message\" cols=\"40\" rows=\"5\" class=\"wpcf7-form-control wpcf7-textarea\" aria-invalid=\"false\"><\/textarea><\/span> <\/p>\n<p><input type=\"submit\" value=\"Po\u0161li spr\u00e1vu\" class=\"wpcf7-form-control wpcf7-submit\" \/><\/p>\n<p><\/br><\/p>\n<div style=\"font-size:9px\">\nThis site is protected by reCAPTCHA and the Google<br \/>\n<a href=\"https:\/\/policies.google.com\/privacy\" rel=\"nofollow ugc\">Privacy Policy<\/a> and<br \/>\n<a href=\"https:\/\/policies.google.com\/terms\" rel=\"nofollow ugc\">Terms of Service<\/a>\n<\/div>\n<div class=\"wpcf7-response-output\" aria-hidden=\"true\"><\/div><input type=\"hidden\" name=\"trp-form-language\" value=\"sk\"\/><\/form><\/div>[\/vc_column][\/vc_row][vc_row][vc_column][vc_separator color=&#8221;custom&#8221; accent_color=&#8221;#ebebeb&#8221; css=&#8221;.vc_custom_1466330541800{margin-top: 50px !important;margin-bottom: 50px !important;}&#8221;][\/vc_column][\/vc_row][vc_row css=&#8221;.vc_custom_1496497250158{margin-bottom: 100px !important;}&#8221;][vc_column width=&#8221;1\/3&#8243; css=&#8221;.vc_custom_1466330976033{padding-right: 30px !important;}&#8221;][vc_custom_heading text=&#8221;Contact Details&#8221; font_container=&#8221;tag:h3|font_size:30|text_align:right|line_height:1&#8243; use_theme_fonts=&#8221;yes&#8221; css=&#8221;.vc_custom_1486067978979{margin-top: 0px !important;}&#8221;][\/vc_column][vc_column width=&#8221;1\/3&#8243;][vc_row_inner css=&#8221;.vc_custom_1496497107501{border-left-width: 1px !important;padding-left: 15px !important;border-left-color: #ebebeb !important;border-left-style: solid !important;}&#8221;][vc_column_inner css=&#8221;.vc_custom_1466330814266{padding-top: 0px !important;}&#8221;][vc_column_text css=&#8221;.vc_custom_1602331404691{margin-bottom: 0px !important;}&#8221;]<div class=\"abc_icon_header abc_icon_header-1253609598\"><div class=\"abc_icon_header-icon\"><div class=\"abc_icon_header-iconWrap\"><span><i class=\"material-icons\">email<\/i><\/span><\/div><\/div><div class=\"abc_icon_header-header\"><h4><a alt=\"\" href=\"mailto:info@balance-your-life.ie\">info@balance-your-life.ie<\/a><\/h4><\/div><\/div><div class=\"abc_icon_header abc_icon_header-966500506\"><div class=\"abc_icon_header-icon\"><div class=\"abc_icon_header-iconWrap\"><span><i class=\"material-icons\">ring_volume<\/i><\/span><\/div><\/div><div class=\"abc_icon_header-header\"><h4><a alt=\"\" href=\"tel:0874034422\">087 403 4422<\/a><\/h4><\/div><\/div><div class=\"abc_icon_header abc_icon_header-26755831\"><div class=\"abc_icon_header-icon\"><div class=\"abc_icon_header-iconWrap\"><span><i class=\"social-icon social-icon-06-facebook\"><\/i><\/span><\/div><\/div><div class=\"abc_icon_header-header\"><h4><a alt=\"\" href=\"https:\/\/www.facebook.com\/balanceyourlifetherapy\/\">Facebook<\/a><\/h4><\/div><\/div><div class=\"abc_icon_header abc_icon_header-1922289314\"><div class=\"abc_icon_header-icon\"><div class=\"abc_icon_header-iconWrap\"><span><i class=\"social-icon social-icon-38-instagram\"><\/i><\/span><\/div><\/div><div class=\"abc_icon_header-header\"><h4><a alt=\"\" href=\"https:\/\/www.instagram.com\/balanceyrlife\">Instagram<\/a><\/h4><\/div><\/div>[\/vc_column_text][\/vc_column_inner][\/vc_row_inner][\/vc_column][vc_column width=&#8221;1\/3&#8243;][vc_column_text]<\/p>\n<p style=\"font-size: 18px; font-weight: 500; color: #252525;\">Address:<\/p>\n<p style=\"font-size: 18px; font-weight: 500; color: #252525;\"><span style=\"color: #000000;\"><a style=\"color: #000000;\" href=\"https:\/\/goo.gl\/maps\/DvembqoxE1Uxdk5y9\">Unit 9c, Santry Hall,<br \/>\nIndustrial Estate, Swords Rd,<br \/>\nSantry, Dublin, D09 EK63<\/a><\/span><\/p>\n<p>[\/vc_column_text][\/vc_column][\/vc_row]<\/p>","protected":false},"excerpt":{"rendered":"<p>[vc_row full_width=&#8221;stretch_row_content_no_spaces&#8221;][vc_column offset=&#8221;vc_col-lg-6 vc_col-md-12 vc_col-xs-12&#8243;][\/vc_column][vc_column css=&#8221;.vc_custom_1473606944773{padding-top: 80px !important;padding-right: 100px !important;padding-bottom: 100px !important;padding-left: 100px !important;}&#8221; offset=&#8221;vc_col-lg-6 vc_col-md-12 vc_col-xs-12&#8243; el_class=&#8221;mobile-left-right-padding-fix&#8221;][vc_custom_heading text=&#8221;Get In [&hellip;]<\/p>","protected":false},"author":1,"featured_media":0,"parent":0,"menu_order":0,"comment_status":"closed","ping_status":"closed","template":"","meta":[],"_links":{"self":[{"href":"https:\/\/balance-your-life.ie\/sk\/wp-json\/wp\/v2\/pages\/11"}],"collection":[{"href":"https:\/\/balance-your-life.ie\/sk\/wp-json\/wp\/v2\/pages"}],"about":[{"href":"https:\/\/balance-your-life.ie\/sk\/wp-json\/wp\/v2\/types\/page"}],"author":[{"embeddable":true,"href":"https:\/\/balance-your-life.ie\/sk\/wp-json\/wp\/v2\/users\/1"}],"replies":[{"embeddable":true,"href":"https:\/\/balance-your-life.ie\/sk\/wp-json\/wp\/v2\/comments?post=11"}],"version-history":[{"count":55,"href":"https:\/\/balance-your-life.ie\/sk\/wp-json\/wp\/v2\/pages\/11\/revisions"}],"predecessor-version":[{"id":1747,"href":"https:\/\/balance-your-life.ie\/sk\/wp-json\/wp\/v2\/pages\/11\/revisions\/1747"}],"wp:attachment":[{"href":"https:\/\/balance-your-life.ie\/sk\/wp-json\/wp\/v2\/media?parent=11"}],"curies":[{"name":"wp","href":"https:\/\/api.w.org\/{rel}","templated":true}]}}