{"id":13,"date":"2016-06-17T13:53:01","date_gmt":"2016-06-17T13:53:01","guid":{"rendered":"http:\/\/balanceyourlifetherapy.ie\/?page_id=13"},"modified":"2024-03-21T16:18:23","modified_gmt":"2024-03-21T16:18:23","slug":"home","status":"publish","type":"page","link":"https:\/\/balance-your-life.ie\/sk\/","title":{"rendered":"Home"},"content":{"rendered":"<p>[vc_row full_width=&#8221;stretch_row&#8221; css=&#8221;.vc_custom_1588607397035{padding-top: 50px !important;background-color: #fcfcfc !important;}&#8221; el_id=&#8221;download-english&#8221;][vc_column][vc_raw_js]JTNDc2NyaXB0JTIwY2hhcnNldCUzRCUyMnV0Zi04JTIyJTIwdHlwZSUzRCUyMnRleHQlMkZqYXZhc2NyaXB0JTIyJTIwc3JjJTNEJTIyJTJGJTJGanMuaHNmb3Jtcy5uZXQlMkZmb3JtcyUyRnNoZWxsLmpzJTIyJTNFJTNDJTJGc2NyaXB0JTNFJTBBJTNDc2NyaXB0JTNFJTBBJTIwJTIwaGJzcHQuZm9ybXMuY3JlYXRlJTI4JTdCJTBBJTA5cG9ydGFsSWQlM0ElMjAlMjI3NTgyNjk2JTIyJTJDJTBBJTA5Zm9ybUlkJTNBJTIwJTIyOGVmYzRkNjUtYTI0Yi00YTBjLWExZmMtOGZiOWZkNmFkNmQ2JTIyJTBBJTdEJTI5JTNCJTBBZnVuY3Rpb24lMjBzaG93RW5nbGlzaEZvcm0lMjglMjklN0IlMEFqUXVlcnklMjglMjIlMjNkb3dubG9hZC1lbmdsaXNoJTIyJTI5LnNob3clMjglMjklMEFqUXVlcnklMjglMjIlMjNkb3dubG9hZC1zbG92YWslMjIlMjkuaGlkZSUyOCUyOSUwQSUyMCUyMCUyMCUyMGpRdWVyeSUyOCU1QmRvY3VtZW50LmRvY3VtZW50RWxlbWVudCUyQyUyMGRvY3VtZW50LmJvZHklNUQlMjkuYW5pbWF0ZSUyOCU3QiUwQSUyMCUyMCUyMCUyMCUyMCUyMCUyMCUyMHNjcm9sbFRvcCUzQSUyMGpRdWVyeSUyOCUyMiUyM2Rvd25sb2FkLWVuZ2xpc2glMjIlMjkub2Zmc2V0JTI4JTI5LnRvcC0xODAlMEElMjAlMjAlMjAlMjAlN0QlMkMlMjA1MDAlMjklM0IlMEElN0QlMEElM0MlMkZzY3JpcHQlM0U=[\/vc_raw_js][\/vc_column][\/vc_row][vc_row full_width=&#8221;stretch_row&#8221; css=&#8221;.vc_custom_1588607404391{padding-top: 50px !important;background-color: #fcfcfc !important;}&#8221; el_id=&#8221;download-slovak&#8221;][vc_column][vc_raw_js]JTNDc2NyaXB0JTIwY2hhcnNldCUzRCUyMnV0Zi04JTIyJTIwdHlwZSUzRCUyMnRleHQlMkZqYXZhc2NyaXB0JTIyJTIwc3JjJTNEJTIyJTJGJTJGanMuaHNmb3Jtcy5uZXQlMkZmb3JtcyUyRnNoZWxsLmpzJTIyJTNFJTNDJTJGc2NyaXB0JTNFJTBBJTNDc2NyaXB0JTNFJTBBJTIwJTIwaGJzcHQuZm9ybXMuY3JlYXRlJTI4JTdCJTBBJTA5cG9ydGFsSWQlM0ElMjAlMjI3NTgyNjk2JTIyJTJDJTBBJTA5Zm9ybUlkJTNBJTIwJTIyODNiNzg5YjAtNjM5OS00NzI2LTg0MDAtNWJjMTdmMDFiYzAzJTIyJTBBJTdEJTI5JTNCJTBBZnVuY3Rpb24lMjBzaG93U2xvdmFrRm9ybSUyOCUyOSU3QiUwQWpRdWVyeSUyOCUyMiUyM2Rvd25sb2FkLXNsb3ZhayUyMiUyOS5zaG93JTI4JTI5JTBBalF1ZXJ5JTI4JTIyJTIzZG93bmxvYWQtZW5nbGlzaCUyMiUyOS5oaWRlJTI4JTI5JTBBJTIwJTIwJTIwJTIwalF1ZXJ5JTI4JTVCZG9jdW1lbnQuZG9jdW1lbnRFbGVtZW50JTJDJTIwZG9jdW1lbnQuYm9keSU1RCUyOS5hbmltYXRlJTI4JTdCJTBBJTIwJTIwJTIwJTIwJTIwJTIwJTIwJTIwc2Nyb2xsVG9wJTNBJTIwalF1ZXJ5JTI4JTIyJTIzZG93bmxvYWQtc2xvdmFrJTIyJTI5Lm9mZnNldCUyOCUyOS50b3AtMTgwJTBBJTIwJTIwJTIwJTIwJTdEJTJDJTIwNTAwJTI5JTNCJTBBJTdEJTBBJTNDJTJGc2NyaXB0JTNF[\/vc_raw_js][\/vc_column][\/vc_row][vc_row full_width=&#8221;stretch_row&#8221; equal_height=&#8221;yes&#8221; content_placement=&#8221;middle&#8221; css=&#8221;.vc_custom_1675167090987{padding-top: 30px !important;background-color: #0074b9 !important;}&#8221; el_id=&#8221;home-intro&#8221;][vc_column width=&#8221;1\/2&#8243;][vc_single_image image=&#8221;1898&#8243; img_size=&#8221;large&#8221; alignment=&#8221;center&#8221; onclick=&#8221;custom_link&#8221; img_link_target=&#8221;_blank&#8221; link=&#8221;https:\/\/www.eventbrite.ie\/e\/power-of-mind-workshop-design-manifest-your-life-tickets-519727397637?aff=ebdshpsearchautocomplete&#8221;]<div style=\"text-align:center\"><a href=\"https:\/\/www.eventbrite.ie\/e\/the-law-of-mind-workshop-alignment-tickets-849293358297\" class=\"vc_lpd_button vc_lpd_button-lg vc_lpd_button-595518860 vc_lpd_button-animated vc_custom_1711037898328\" title=\"\" target=\" _blank\"><span>Click to Register for the Event<\/span><\/a><\/div>[\/vc_column][vc_column width=&#8221;1\/2&#8243;]<div class=\"underline_text underline_text-1706784239 vc_custom_1675167391888\">ASK YOURSELF A QUESTION:<br \/>\n<span class=\"underline_text_span\">What do I really want to experience in my life?<\/span><\/div>[vc_column_text]<\/p>\n<div style=\"color: #ffffff; font-size: 18px;\">\n<p style=\"text-align: center;\">You have to remember that time is a GIFT!<\/p>\n<p style=\"text-align: center;\">Not something you\u2019re entitled to!<\/p>\n<p style=\"text-align: center;\">And no matter how hard you try you can\u2019t control it.<\/p>\n<p style=\"text-align: center;\">The only thing you can do is CHOOSE how to spend the time you\u2019re given\u2026<\/p>\n<\/div>\n<p>[\/vc_column_text]<div class=\"underline_text underline_text-526084146 vc_custom_1675166813333\">Let Me Help You To Live <span class=\"underline_text_span\">Life Of Your Dreams<\/span><\/div>[vc_column_text]<\/p>\n<div style=\"color: #ffffff; font-size: 18px; text-align: center;\">Where to start?<\/div>\n<h2 style=\"color: #ffffff; font-size: 18px; text-align: center;\">CHOICE:<\/h2>\n<div style=\"color: #ffffff; font-size: 18px; text-align: center;\">It is first about finding your goals\/ dreams, your mission, your purpose. I will help you to open new perceptions, new ideas and together we find the areas where is your heart really drawn to<\/div>\n<h2 style=\"color: #ffffff; font-size: 18px; text-align: center;\">ACTION AND STRATEGY:<\/h2>\n<div style=\"color: #ffffff; font-size: 18px; text-align: center;\">After that it is about developing a strategy in order to get what you want. Balance Your Life divides the strategy into physical and metaphysical work which assures the effectivity of achievement. The key is to engage both brain hemispheres left and right. When we sync them, we create a balance which speed up the process of manifestation.<\/div>\n<p>[\/vc_column_text][\/vc_column][\/vc_row][vc_row full_width=&#8221;stretch_row&#8221; css=&#8221;.vc_custom_1675167041542{padding-top: 0px !important;background-color: #0074b9 !important;}&#8221;][vc_column][vc_column_text]<\/p>\n<div style=\"color: #ffffff; font-size: 18px; text-align: center;\">\n<h2 style=\"color: #ffffff; font-size: 18px; text-align: center;\">BELIEVE:<\/h2>\n<p style=\"color: #ffffff; font-size: 18px; text-align: center;\">Believing in yourself is crucial. What is your self-image? What is your self-esteem?<br \/>\nThe subconscious mind controls 95% of your life, so the best way to do so is to programme the software by essential supportive &#8220;apps&#8221; (beliefs, perceptions). This brings up the internal mechanism into a state of support, and you are opening new doors of intuition, right decision making, being at the right time at the right place, etc.<\/p>\n<p style=\"color: #ffffff; font-size: 18px; text-align: center;\">In order to get what you want, there has to be faith in you, in what you do, believing that you deserve the best, and having the mindset.<\/p>\n<\/div>\n<p>[\/vc_column_text][\/vc_column][\/vc_row][vc_row][vc_column]<div class=\"underline_text underline_text-729241726 vc_custom_1613741665053\">We already helped to change many people\u2019s life! <span class=\"underline_text_span\">It all starts with Decision and Will!<\/span><br \/>\n<\/div>[vc_single_image image=&#8221;1807&#8243; img_size=&#8221;full&#8221;][\/vc_column][\/vc_row][vc_row full_width=&#8221;stretch_row_content_no_spaces&#8221; equal_height=&#8221;yes&#8221; el_class=&#8221;right-paralax&#8221;][vc_column offset=&#8221;vc_col-lg-6 vc_col-md-12 vc_col-xs-12&#8243; el_class=&#8221;mobile-right-left-padding-fix&#8221; css=&#8221;.vc_custom_1613739796201{padding-top: 30px !important;padding-right: 30px !important;padding-bottom: 30px !important;padding-left: 30px !important;}&#8221;][vc_single_image image=&#8221;1518&#8243; img_size=&#8221;large&#8221; alignment=&#8221;center&#8221; el_class=&#8221;vc_hidden-lg&#8221; css=&#8221;.vc_custom_1613740024226{margin-top: -100px !important;margin-right: -100px !important;margin-bottom: 50px !important;margin-left: -50px !important;}&#8221;][vc_empty_space height=&#8221;20px&#8221;]<div class=\"underline_text underline_text-324918253\">O <span class=\"underline_text_span\">Tomas<\/span> and Balance Your Life<\/div>[vc_row_inner][vc_column_inner css=&#8221;.vc_custom_1613731992032{padding-right: 20px !important;}&#8221;][vc_column_text]<\/p>\n<div style=\"font-size: 18px;\">\n<p>&nbsp;<\/p>\n<p>Tomas is a transformational coach, public speaker and founder of Balance Your Life which helps people reach their goals in all aspects of their lives.<\/p>\n<p>Tomas has helped and inspired thousands of people including a wide range of consultants, coaches, executives and CEO\u2019s to achieve their goals and live fulfilling life.<\/p>\n<p>Through his workshops and 1-1 coaching sessions, people have experienced positive shifts in their health, carrier, personal lives and sports performance.<\/p>\n<p>He is also qualified Physical Therapist who has helped many people to recover from variations of injuries and chronic pains.<\/p>\n<p>&nbsp;<\/p>\n<\/div>\n<p>[\/vc_column_text][\/vc_column_inner][\/vc_row_inner][\/vc_column][vc_column width=&#8221;1\/2&#8243; offset=&#8221;vc_hidden-md vc_hidden-sm vc_hidden-xs&#8221; el_class=&#8221;image-workshop-c1&#8243; css=&#8221;.vc_custom_1588783879301{background-image: url(https:\/\/balance-your-life.ie\/wp-content\/uploads\/2020\/04\/corporate_online.jpg?id=1518) !important;background-position: center !important;background-repeat: no-repeat !important;background-size: cover !important;}&#8221;][\/vc_column][\/vc_row][vc_row full_width=&#8221;stretch_row_content_no_spaces&#8221; equal_height=&#8221;yes&#8221; el_class=&#8221;left-paralax&#8221;][vc_column width=&#8221;1\/2&#8243; offset=&#8221;vc_hidden-md vc_hidden-sm vc_hidden-xs&#8221; el_class=&#8221;image-man-brain-c1&#8243; css=&#8221;.vc_custom_1613732429455{background-image: url(https:\/\/balance-your-life.ie\/wp-content\/uploads\/2021\/02\/CREATE-YOUR-LIFE-1-1.jpg?id=1761) !important;background-position: center !important;background-repeat: no-repeat !important;background-size: cover !important;}&#8221;][\/vc_column][vc_column css=&#8221;.vc_custom_1613740662798{padding-top: 30px !important;padding-right: 30px !important;padding-bottom: 30px !important;padding-left: 30px !important;background-color: #ffffff !important;}&#8221; offset=&#8221;vc_col-lg-6 vc_col-md-12 vc_col-xs-12&#8243; el_class=&#8221;mobile-right-left-padding-fix&#8221;][vc_single_image image=&#8221;1761&#8243; img_size=&#8221;full&#8221; alignment=&#8221;center&#8221; el_class=&#8221;vc_hidden-lg&#8221; css=&#8221;.vc_custom_1613732416711{margin-top: -100px !important;margin-right: -50px !important;margin-left: -50px !important;}&#8221;]<p class=\"underline_text underline_text-2058198388 vc_custom_1613740632537\">Create Your Life <span class=\"underline_text_span\">Program<\/span><br \/>\n<\/p>[vc_row_inner][vc_column_inner css=&#8221;.vc_custom_1613731992032{padding-right: 20px !important;}&#8221;][vc_column_text]<\/p>\n<div style=\"font-size: 18px;\">\n<p>This programme will allow you to create and live life the way YOU want. And not what others tell you should or you should not do.<\/p>\n<p>Create Your Life programme is for anyone who wants to tap into new era of yourself by applying the most effective techniques gathered from years of experience in this field.<\/p>\n<p>The core of this programme is based on combination of ancient wisdom and newest scientific research which will show you how to make your dreams come true faster.<\/p>\n<p>Our life is based on particular laws such as: nutrition, psychology, biomechanics, neuroscience, quantum physics, biochemistry, physical exercise and many more\u2026<\/p>\n<p>By applying the gold techniques of these laws into your life, you are changing the game!<\/p>\n<\/div>\n<p>[\/vc_column_text][\/vc_column_inner][\/vc_row_inner]<div style=\"text-align:center\"><a href=\"https:\/\/balance-your-life.ie\/sk\/create-your-life-programme\/\" class=\"vc_lpd_button vc_lpd_button-lg vc_lpd_button-2123532887 vc_lpd_button-animated vc_custom_1613740923809\" title=\"\" target=\"\"><span>Read more<\/span><\/a><\/div>[\/vc_column][\/vc_row][vc_row full_width=&#8221;stretch_row_content_no_spaces&#8221; equal_height=&#8221;yes&#8221; el_class=&#8221;right-paralax&#8221;][vc_column css=&#8221;.vc_custom_1522933279779{background-color: #0a0a0a !important;}&#8221; offset=&#8221;vc_col-lg-6 vc_col-md-12 vc_col-xs-12&#8243; el_class=&#8221;mobile-right-left-padding-fix&#8221;][vc_single_image image=&#8221;1763&#8243; img_size=&#8221;full&#8221; alignment=&#8221;center&#8221; el_class=&#8221;vc_hidden-lg&#8221; css=&#8221;.vc_custom_1613732543066{margin-top: -80px !important;margin-right: -50px !important;margin-bottom: -150px !important;margin-left: -50px !important;}&#8221;]<p class=\"underline_text underline_text-1856883200 vc_custom_1613733546527\"><span class=\"underline_text_span\">Benefits<\/span><br \/>\n<\/p>[vc_row_inner][vc_column_inner el_class=&#8221;mobile-left-right-padding-fix&#8221; width=&#8221;1\/2&#8243; css=&#8221;.vc_custom_1496566092200{padding-top: 70px !important;padding-right: 25px !important;padding-bottom: 50px !important;padding-left: 25px !important;background-color: #ffffff !important;}&#8221;]<div class=\"vc_lpd_info_box vc_lpd_info_box-384302836 vc_lpd_info_box-square vc_lpd_info_box-animated vc_custom_1588267784233\"><div class=\"vc_lpd_info_box_header vc_lpd_info_box_header-heading-right\"><h3>Manifest\u00e1cia va\u0161ich t\u00fa\u017eob<\/h3><\/div><div class=\"vc_lpd_info_box_icon vc_lpd_info_box_icon-heading-right\"><div class=\"vc_lpd_info_box_iconWrap\" style=\"margin-bottom:0px;\"><span><i class=\"material-icons\">check<\/i><\/span><\/div><\/div><\/div><div class=\"vc_lpd_info_box vc_lpd_info_box-1297605261 vc_lpd_info_box-square vc_lpd_info_box-animated vc_custom_1588267794482\"><div class=\"vc_lpd_info_box_header vc_lpd_info_box_header-heading-right\"><h3>Posun \u017eivota vpred<\/h3><\/div><div class=\"vc_lpd_info_box_icon vc_lpd_info_box_icon-heading-right\"><div class=\"vc_lpd_info_box_iconWrap\" style=\"margin-bottom:0px;\"><span><i class=\"material-icons\">check<\/i><\/span><\/div><\/div><\/div><div class=\"vc_lpd_info_box vc_lpd_info_box-912478539 vc_lpd_info_box-square vc_lpd_info_box-animated vc_custom_1588267801996\"><div class=\"vc_lpd_info_box_header vc_lpd_info_box_header-heading-right\"><h3>N\u00e1jdenie svojej vlastnej v\u00e1\u0161\u0148e a talentu<\/h3><\/div><div class=\"vc_lpd_info_box_icon vc_lpd_info_box_icon-heading-right\"><div class=\"vc_lpd_info_box_iconWrap\" style=\"margin-bottom:0px;\"><span><i class=\"material-icons\">check<\/i><\/span><\/div><\/div><\/div><div class=\"vc_lpd_info_box vc_lpd_info_box-1650694288 vc_lpd_info_box-square vc_lpd_info_box-animated vc_custom_1588267819226\"><div class=\"vc_lpd_info_box_header vc_lpd_info_box_header-heading-right\"><h3>Ovl\u00e1da\u0165 svoje my\u0161lienky<\/h3><\/div><div class=\"vc_lpd_info_box_icon vc_lpd_info_box_icon-heading-right\"><div class=\"vc_lpd_info_box_iconWrap\" style=\"margin-bottom:0px;\"><span><i class=\"material-icons\">check<\/i><\/span><\/div><\/div><\/div><div class=\"vc_lpd_info_box vc_lpd_info_box-109897848 vc_lpd_info_box-square vc_lpd_info_box-animated vc_custom_1588267830951\"><div class=\"vc_lpd_info_box_header vc_lpd_info_box_header-heading-right\"><h3>Preprogramovanie mozgu na dosiahnutie efekt\u00edvnej\u0161ieho v\u00fdkonu<\/h3><\/div><div class=\"vc_lpd_info_box_icon vc_lpd_info_box_icon-heading-right\"><div class=\"vc_lpd_info_box_iconWrap\" style=\"margin-bottom:0px;\"><span><i class=\"material-icons\">check<\/i><\/span><\/div><\/div><\/div><div class=\"vc_lpd_info_box vc_lpd_info_box-1366376875 vc_lpd_info_box-square vc_lpd_info_box-animated vc_custom_1588268215651\"><div class=\"vc_lpd_info_box_header vc_lpd_info_box_header-heading-right\"><h3>Z\u00edskanie spr\u00e1vneho fungovania \/ harm\u00f3nie tela<\/h3><\/div><div class=\"vc_lpd_info_box_icon vc_lpd_info_box_icon-heading-right\"><div class=\"vc_lpd_info_box_iconWrap\" style=\"margin-bottom:0px;\"><span><i class=\"material-icons\">check<\/i><\/span><\/div><\/div><\/div>[\/vc_column_inner][vc_column_inner el_class=&#8221;mobile-left-right-padding-fix&#8221; width=&#8221;1\/2&#8243; css=&#8221;.vc_custom_1496566087135{padding-top: 70px !important;padding-right: 25px !important;padding-bottom: 50px !important;padding-left: 25px !important;background-color: #0a0a0a !important;}&#8221;]<div class=\"vc_lpd_info_box vc_lpd_info_box-815134280 vc_lpd_info_box-square vc_lpd_info_box-animated vc_custom_1588267841536\"><div class=\"vc_lpd_info_box_icon vc_lpd_info_box_icon-heading-left\"><div class=\"vc_lpd_info_box_iconWrap\" style=\"margin-bottom:0px;\"><span><i class=\"material-icons\">check<\/i><\/span><\/div><\/div><div class=\"vc_lpd_info_box_header vc_lpd_info_box_header-heading-left\"><h3>Zlep\u0161enie vizualiza\u010dn\u00fdch schopnost\u00ed<\/h3><\/div><\/div><div class=\"vc_lpd_info_box vc_lpd_info_box-504321836 vc_lpd_info_box-square vc_lpd_info_box-animated vc_custom_1588267852179\"><div class=\"vc_lpd_info_box_icon vc_lpd_info_box_icon-heading-left\"><div class=\"vc_lpd_info_box_iconWrap\" style=\"margin-bottom:0px;\"><span><i class=\"material-icons\">check<\/i><\/span><\/div><\/div><div class=\"vc_lpd_info_box_header vc_lpd_info_box_header-heading-left\"><h3>Pochopenie va\u0161ich em\u00f3ci\u00ed a uvo\u013enenie stresu<\/h3><\/div><\/div><div class=\"vc_lpd_info_box vc_lpd_info_box-1788977617 vc_lpd_info_box-square vc_lpd_info_box-animated vc_custom_1588268072611\"><div class=\"vc_lpd_info_box_icon vc_lpd_info_box_icon-heading-left\"><div class=\"vc_lpd_info_box_iconWrap\" style=\"margin-bottom:0px;\"><span><i class=\"material-icons\">check<\/i><\/span><\/div><\/div><div class=\"vc_lpd_info_box_header vc_lpd_info_box_header-heading-left\"><h3>Pochopenie va\u0161ich em\u00f3ci\u00ed a uvo\u013enenie stresu<\/h3><\/div><\/div><div class=\"vc_lpd_info_box vc_lpd_info_box-1714826505 vc_lpd_info_box-square vc_lpd_info_box-animated vc_custom_1588268087882\"><div class=\"vc_lpd_info_box_icon vc_lpd_info_box_icon-heading-left\"><div class=\"vc_lpd_info_box_iconWrap\" style=\"margin-bottom:0px;\"><span><i class=\"material-icons\">check<\/i><\/span><\/div><\/div><div class=\"vc_lpd_info_box_header vc_lpd_info_box_header-heading-left\"><h3>Zlep\u0161enie toku kreativity<\/h3><\/div><\/div><div class=\"vc_lpd_info_box vc_lpd_info_box-988926979 vc_lpd_info_box-square vc_lpd_info_box-animated vc_custom_1588268096923\"><div class=\"vc_lpd_info_box_icon vc_lpd_info_box_icon-heading-left\"><div class=\"vc_lpd_info_box_iconWrap\" style=\"margin-bottom:0px;\"><span><i class=\"material-icons\">check<\/i><\/span><\/div><\/div><div class=\"vc_lpd_info_box_header vc_lpd_info_box_header-heading-left\"><h3>Zlep\u0161enie va\u0161ich stravovac\u00edch n\u00e1vykov<\/h3><\/div><\/div><div class=\"vc_lpd_info_box vc_lpd_info_box-655968917 vc_lpd_info_box-square vc_lpd_info_box-animated vc_custom_1588268111785\"><div class=\"vc_lpd_info_box_icon vc_lpd_info_box_icon-heading-left\"><div class=\"vc_lpd_info_box_iconWrap\" style=\"margin-bottom:0px;\"><span><i class=\"material-icons\">check<\/i><\/span><\/div><\/div><div class=\"vc_lpd_info_box_header vc_lpd_info_box_header-heading-left\"><h3>Zlep\u0161enie v\u00fdkonu v akomko\u013evek \u0161porte<\/h3><\/div><\/div>[\/vc_column_inner][\/vc_row_inner][\/vc_column][vc_column width=&#8221;1\/2&#8243; offset=&#8221;vc_hidden-md vc_hidden-sm vc_hidden-xs&#8221; el_class=&#8221;image-benefits-c1&#8243; css=&#8221;.vc_custom_1613733836596{background-image: url(https:\/\/balance-your-life.ie\/wp-content\/uploads\/2021\/02\/BENEFITS-2.jpg?id=1775) !important;background-position: center !important;background-repeat: no-repeat !important;background-size: cover !important;}&#8221;][\/vc_column][\/vc_row][vc_row full_width=&#8221;stretch_row_content_no_spaces&#8221; el_id=&#8221;calltoaction1&#8243;][vc_column width=&#8221;1\/4&#8243;][\/vc_column][vc_column width=&#8221;1\/2&#8243; css=&#8221;.vc_custom_1496588928692{padding-top: 100px !important;padding-right: 40px !important;padding-bottom: 90px !important;padding-left: 40px !important;}&#8221;]<h4 class=\"underline_text underline_text-913920456 vc_custom_1496588959776\">Zarezervujte si sedenie <span class=\"underline_text_span\">u\u017e dnes<\/span><\/h4>[vc_column_text css=&#8221;.vc_custom_1496588937829{margin-bottom: 0px !important;}&#8221;]<span style=\"color: #000000;\"><div role=\"form\" class=\"wpcf7\" id=\"wpcf7-f4-o1\" lang=\"en-US\" dir=\"ltr\">\n<div class=\"screen-reader-response\"><p role=\"status\" aria-live=\"polite\" aria-atomic=\"true\"><\/p> <ul><\/ul><\/div>\n<form action=\"\/sk\/wp-json\/wp\/v2\/pages\/13#wpcf7-f4-o1\" method=\"post\" class=\"wpcf7-form init\" novalidate=\"novalidate\" data-status=\"init\" data-trp-original-action=\"\/sk\/wp-json\/wp\/v2\/pages\/13#wpcf7-f4-o1\">\n<div style=\"display: none;\">\n<input type=\"hidden\" name=\"_wpcf7\" value=\"4\" \/>\n<input type=\"hidden\" name=\"_wpcf7_version\" value=\"5.3.2\" \/>\n<input type=\"hidden\" name=\"_wpcf7_locale\" value=\"en_US\" \/>\n<input type=\"hidden\" name=\"_wpcf7_unit_tag\" value=\"wpcf7-f4-o1\" \/>\n<input type=\"hidden\" name=\"_wpcf7_container_post\" value=\"0\" \/>\n<input type=\"hidden\" name=\"_wpcf7_posted_data_hash\" value=\"\" \/>\n<input type=\"hidden\" name=\"_wpcf7_recaptcha_response\" value=\"\" \/>\n<\/div>\n<div class=\"row\">\n<div class=\"col-md-6\">\n<p><label class=\"lpd_form_label\">V\u00e1\u0161e Meno<\/label><br \/>\n    <span class=\"wpcf7-form-control-wrap your-name\"><input type=\"text\" name=\"your-name\" value=\"\" size=\"40\" class=\"wpcf7-form-control wpcf7-text wpcf7-validates-as-required\" aria-required=\"true\" aria-invalid=\"false\" \/><\/span> <\/p>\n<\/div>\n<div class=\"col-md-6\">\n<p><label class=\"lpd_form_label\">V\u00e1\u0161 Email<\/label><br \/>\n    <span class=\"wpcf7-form-control-wrap your-email\"><input type=\"email\" name=\"your-email\" value=\"\" size=\"40\" class=\"wpcf7-form-control wpcf7-text wpcf7-email wpcf7-validates-as-required wpcf7-validates-as-email\" aria-required=\"true\" aria-invalid=\"false\" \/><\/span> <\/p>\n<\/div>\n<\/div>\n<p><label class=\"lpd_form_label\">Slu\u017eba<\/label><br \/>\n <span class=\"wpcf7-form-control-wrap service\"><select name=\"service\" class=\"wpcf7-form-control wpcf7-select wpcf7-validates-as-required lpd_form_label\" aria-required=\"true\" aria-invalid=\"false\"><option value=\"\">---<\/option><option value=\"Corporates Online\">Corporates Online<\/option><option value=\"Online Health Coaching\">Online zdravotn\u00e9 kou\u010dovanie<\/option><option value=\"Online Physical Therapy\">Online Fyzik\u00e1lna Terapia<\/option><option value=\"Sport Psychology\">\u0160portov\u00e1 psychol\u00f3gia<\/option><option value=\"Online Fitness Coaching\">Online Fitness kou\u010dovanie<\/option><option value=\"Online Nutrition Coaching\">Online v\u00fd\u017eiva kou\u010dovanie<\/option><option value=\"Life-Balance Programme\">Life-Balance Programme<\/option><option value=\"Workshops\">Predn\u00e1\u0161ky<\/option><\/select><\/span> <\/p>\n<p><label class=\"lpd_form_label\">Va\u0161a Spr\u00e1va<\/label><br \/>\n    <span class=\"wpcf7-form-control-wrap your-message\"><textarea name=\"your-message\" cols=\"40\" rows=\"5\" class=\"wpcf7-form-control wpcf7-textarea\" aria-invalid=\"false\"><\/textarea><\/span> <\/p>\n<p><input type=\"submit\" value=\"Po\u0161li spr\u00e1vu\" class=\"wpcf7-form-control wpcf7-submit\" \/><\/p>\n<p><\/br><\/p>\n<div style=\"font-size:9px\">\nThis site is protected by reCAPTCHA and the Google<br \/>\n<a href=\"https:\/\/policies.google.com\/privacy\" rel=\"nofollow ugc\">Privacy Policy<\/a> and<br \/>\n<a href=\"https:\/\/policies.google.com\/terms\" rel=\"nofollow ugc\">Terms of Service<\/a>\n<\/div>\n<div class=\"wpcf7-response-output\" aria-hidden=\"true\"><\/div><input type=\"hidden\" name=\"trp-form-language\" value=\"sk\"\/><\/form><\/div><\/span>[\/vc_column_text][\/vc_column][vc_column width=&#8221;1\/4&#8243;][\/vc_column][\/vc_row]<\/p>","protected":false},"excerpt":{"rendered":"<p>[vc_row full_width=&#8221;stretch_row&#8221; css=&#8221;.vc_custom_1588607397035{padding-top: 50px !important;background-color: #fcfcfc !important;}&#8221; el_id=&#8221;download-english&#8221;][vc_column][vc_raw_js]JTNDc2NyaXB0JTIwY2hhcnNldCUzRCUyMnV0Zi04JTIyJTIwdHlwZSUzRCUyMnRleHQlMkZqYXZhc2NyaXB0JTIyJTIwc3JjJTNEJTIyJTJGJTJGanMuaHNmb3Jtcy5uZXQlMkZmb3JtcyUyRnNoZWxsLmpzJTIyJTNFJTNDJTJGc2NyaXB0JTNFJTBBJTNDc2NyaXB0JTNFJTBBJTIwJTIwaGJzcHQuZm9ybXMuY3JlYXRlJTI4JTdCJTBBJTA5cG9ydGFsSWQlM0ElMjAlMjI3NTgyNjk2JTIyJTJDJTBBJTA5Zm9ybUlkJTNBJTIwJTIyOGVmYzRkNjUtYTI0Yi00YTBjLWExZmMtOGZiOWZkNmFkNmQ2JTIyJTBBJTdEJTI5JTNCJTBBZnVuY3Rpb24lMjBzaG93RW5nbGlzaEZvcm0lMjglMjklN0IlMEFqUXVlcnklMjglMjIlMjNkb3dubG9hZC1lbmdsaXNoJTIyJTI5LnNob3clMjglMjklMEFqUXVlcnklMjglMjIlMjNkb3dubG9hZC1zbG92YWslMjIlMjkuaGlkZSUyOCUyOSUwQSUyMCUyMCUyMCUyMGpRdWVyeSUyOCU1QmRvY3VtZW50LmRvY3VtZW50RWxlbWVudCUyQyUyMGRvY3VtZW50LmJvZHklNUQlMjkuYW5pbWF0ZSUyOCU3QiUwQSUyMCUyMCUyMCUyMCUyMCUyMCUyMCUyMHNjcm9sbFRvcCUzQSUyMGpRdWVyeSUyOCUyMiUyM2Rvd25sb2FkLWVuZ2xpc2glMjIlMjkub2Zmc2V0JTI4JTI5LnRvcC0xODAlMEElMjAlMjAlMjAlMjAlN0QlMkMlMjA1MDAlMjklM0IlMEElN0QlMEElM0MlMkZzY3JpcHQlM0U=[\/vc_raw_js][\/vc_column][\/vc_row][vc_row full_width=&#8221;stretch_row&#8221; css=&#8221;.vc_custom_1588607404391{padding-top: 50px !important;background-color: #fcfcfc !important;}&#8221; el_id=&#8221;download-slovak&#8221;][vc_column][vc_raw_js]JTNDc2NyaXB0JTIwY2hhcnNldCUzRCUyMnV0Zi04JTIyJTIwdHlwZSUzRCUyMnRleHQlMkZqYXZhc2NyaXB0JTIyJTIwc3JjJTNEJTIyJTJGJTJGanMuaHNmb3Jtcy5uZXQlMkZmb3JtcyUyRnNoZWxsLmpzJTIyJTNFJTNDJTJGc2NyaXB0JTNFJTBBJTNDc2NyaXB0JTNFJTBBJTIwJTIwaGJzcHQuZm9ybXMuY3JlYXRlJTI4JTdCJTBBJTA5cG9ydGFsSWQlM0ElMjAlMjI3NTgyNjk2JTIyJTJDJTBBJTA5Zm9ybUlkJTNBJTIwJTIyODNiNzg5YjAtNjM5OS00NzI2LTg0MDAtNWJjMTdmMDFiYzAzJTIyJTBBJTdEJTI5JTNCJTBBZnVuY3Rpb24lMjBzaG93U2xvdmFrRm9ybSUyOCUyOSU3QiUwQWpRdWVyeSUyOCUyMiUyM2Rvd25sb2FkLXNsb3ZhayUyMiUyOS5zaG93JTI4JTI5JTBBalF1ZXJ5JTI4JTIyJTIzZG93bmxvYWQtZW5nbGlzaCUyMiUyOS5oaWRlJTI4JTI5JTBBJTIwJTIwJTIwJTIwalF1ZXJ5JTI4JTVCZG9jdW1lbnQuZG9jdW1lbnRFbGVtZW50JTJDJTIwZG9jdW1lbnQuYm9keSU1RCUyOS5hbmltYXRlJTI4JTdCJTBBJTIwJTIwJTIwJTIwJTIwJTIwJTIwJTIwc2Nyb2xsVG9wJTNBJTIwalF1ZXJ5JTI4JTIyJTIzZG93bmxvYWQtc2xvdmFrJTIyJTI5Lm9mZnNldCUyOCUyOS50b3AtMTgwJTBBJTIwJTIwJTIwJTIwJTdEJTJDJTIwNTAwJTI5JTNCJTBBJTdEJTBBJTNDJTJGc2NyaXB0JTNF[\/vc_raw_js][\/vc_column][\/vc_row][vc_row full_width=&#8221;stretch_row&#8221; equal_height=&#8221;yes&#8221; content_placement=&#8221;middle&#8221; css=&#8221;.vc_custom_1675167090987{padding-top: 30px [&hellip;]<\/p>","protected":false},"author":1,"featured_media":0,"parent":0,"menu_order":0,"comment_status":"closed","ping_status":"closed","template":"slider-template.php","meta":[],"_links":{"self":[{"href":"https:\/\/balance-your-life.ie\/sk\/wp-json\/wp\/v2\/pages\/13"}],"collection":[{"href":"https:\/\/balance-your-life.ie\/sk\/wp-json\/wp\/v2\/pages"}],"about":[{"href":"https:\/\/balance-your-life.ie\/sk\/wp-json\/wp\/v2\/types\/page"}],"author":[{"embeddable":true,"href":"https:\/\/balance-your-life.ie\/sk\/wp-json\/wp\/v2\/users\/1"}],"replies":[{"embeddable":true,"href":"https:\/\/balance-your-life.ie\/sk\/wp-json\/wp\/v2\/comments?post=13"}],"version-history":[{"count":351,"href":"https:\/\/balance-your-life.ie\/sk\/wp-json\/wp\/v2\/pages\/13\/revisions"}],"predecessor-version":[{"id":1900,"href":"https:\/\/balance-your-life.ie\/sk\/wp-json\/wp\/v2\/pages\/13\/revisions\/1900"}],"wp:attachment":[{"href":"https:\/\/balance-your-life.ie\/sk\/wp-json\/wp\/v2\/media?parent=13"}],"curies":[{"name":"wp","href":"https:\/\/api.w.org\/{rel}","templated":true}]}}