{"id":1777,"date":"2021-02-19T11:43:59","date_gmt":"2021-02-19T11:43:59","guid":{"rendered":"https:\/\/balance-your-life.ie\/?page_id=1777"},"modified":"2021-02-19T14:06:03","modified_gmt":"2021-02-19T14:06:03","slug":"create-your-life-programme","status":"publish","type":"page","link":"https:\/\/balance-your-life.ie\/sk\/create-your-life-programme\/","title":{"rendered":"Create Your Life Programme"},"content":{"rendered":"<p>[vc_row full_width=&#8221;stretch_row_content&#8221; content_placement=&#8221;middle&#8221; parallax=&#8221;content-moving&#8221; parallax_image=&#8221;1780&#8243; parallax_speed_bg=&#8221;2&#8243; css=&#8221;.vc_custom_1613742900553{margin-top: -50px !important;padding-top: 300px !important;padding-bottom: 300px !important;}&#8221; el_class=&#8221;cylp-header&#8221;][vc_column][\/vc_column][\/vc_row][vc_row css=&#8221;.vc_custom_1613741993093{margin-top: 50px !important;margin-bottom: 50px !important;}&#8221;][vc_column width=&#8221;2\/3&#8243;]<div class=\"underline_text underline_text-924810252\"> Knowledge is power, <span class=\"underline_text_span\">learning is a superpower. <\/span><\/div>[\/vc_column][vc_column width=&#8221;1\/3&#8243;]<div style=\"text-align:center\"><a href=\"https:\/\/balance-your-life.ie\/sk\/contact\/\" class=\"vc_lpd_button vc_lpd_button-lg vc_lpd_button-264639986 vc_lpd_button-animated\" title=\"Contact\" target=\"\"><span>Contact Me<\/span><\/a><\/div>[\/vc_column][\/vc_row][vc_row][vc_column width=&#8221;1\/2&#8243;][vc_column_text]<\/p>\n<div style=\"font-size: 18px; line-height: 27px;\">\n<p>Knowledge is power, learning is a superpower.<br \/>\nCreate Your Life programme will allow you to create and live life the way YOU want. And not what others tell you should or you should not do.<\/p>\n<p>It is for anyone who wants to tap into new era of yourself by applying the most effective techniques gathered from years of experience in this field. The core of this programme is based on combination of ancient wisdom and newest scientific research which will show you how to make your dreams come true faster.<\/p>\n<p>N\u00e1\u0161 \u017eivot je zalo\u017een\u00fd na konkr\u00e9tnych z\u00e1konoch, ako napr\u00edklad s\u00fa: v\u00fd\u017eiva, psychol\u00f3gia, biomechanika, neuroveda, kvantov\u00e1 fyzika, bioch\u00e9mia, fyzick\u00e9 cvi\u010denie a mnoho \u010fal\u0161\u00edch ... Aplik\u00e1ciou top techn\u00edk t\u00fdchto z\u00e1konov do svojho \u017eivota, men\u00edte hru!<br \/>\nCreate Your Life programme will open new doors for you and your life\u2026 If you are really ready to make actions towards achieving your goals, this programme is the right choice!<br \/>\nEach action creates reaction, so this coaching will show you how to make a massive action in order to reaching your aim sooner\u2026<\/p>\n<p>This programme will save yourself from years of trial and errors as you discover the secrets to Tomas\u2019 Create Your Life Programme Formula. You\u2019ll learn that by applying the right knowledge, there is many options for you to fulfil any area of your life.<br \/>\nBegin with finding the right strategies and tools accessible to you and remain more centered so you get lasting results \u2013 health, career, personal growth, sport performance, personal life.<\/p>\n<p>This programme will not only transform your life but it can also bring lot of positive shifts into people\u2019s life around you as the new environment which you create is affecting others.<br \/>\nBased on our assessment, we can together discover your limiting beliefs which are holding you back in order to manifest your goals.<\/p>\n<p>When body, mind, emotions and energy are organised then you are getting your power back.<\/p>\n<\/div>\n<p>[\/vc_column_text][\/vc_column][vc_column width=&#8221;1\/2&#8243;][vc_column_text]<\/p>\n<div style=\"font-size: 18px; line-height: 27px;\">\n<p>This programme is consisting many aspects that we can work on:<\/p>\n<ul>\n<li>Improve your health<\/li>\n<li>Escape 9 to 5 grind<\/li>\n<li>Have your OWN business<\/li>\n<li>Financial freedom<\/li>\n<li>Live lifestyle free of limits<\/li>\n<li>Improve sport performance<\/li>\n<li>Find a partner of your desires<\/li>\n<\/ul>\n<p>You are powerful, so expand and express it. It just up to you if you allow it or you will limit yourself by programmes inherited from your parents, society, friends or teachers. It is all about exploring who you really are at subconscious level, so you tap into new you, into true you, (Re-member) If not now, never. Take your action..<\/p>\n<p>As the subconscious mind is very powerful operation system, getting you to know how is this mechanism works in your case can be life changing for you. We can then structure a plan of how to make your body, mind and energy to work in alignment so you can bring yourself into new way of living. You are a creator of your life, so all the progress is also related to the action and wisdom which we apply. Well directed thoughts filled with wisdom, metaphysical work and physical action will get you what you deserve.<\/p>\n<p>Make decision, do you really want to live your life to the fullest?<br \/>\nAre you ready to experience new way of living?<br \/>\nDo you believe you can achieve anything you want?<\/p>\n<p>If you respond YES to any of those questions, then get ready because this programme will get you to the new levels, and I mean to the levels that you did not even think about are possible\u2026<\/p>\n<\/div>\n<p>[\/vc_column_text][\/vc_column][\/vc_row]<\/p>","protected":false},"excerpt":{"rendered":"<p>[vc_row full_width=&#8221;stretch_row_content&#8221; content_placement=&#8221;middle&#8221; parallax=&#8221;content-moving&#8221; parallax_image=&#8221;1780&#8243; parallax_speed_bg=&#8221;2&#8243; css=&#8221;.vc_custom_1613742900553{margin-top: -50px !important;padding-top: 300px !important;padding-bottom: 300px !important;}&#8221; el_class=&#8221;cylp-header&#8221;][vc_column][\/vc_column][\/vc_row][vc_row css=&#8221;.vc_custom_1613741993093{margin-top: 50px !important;margin-bottom: 50px !important;}&#8221;][vc_column width=&#8221;2\/3&#8243;][\/vc_column][vc_column [&hellip;]<\/p>","protected":false},"author":1,"featured_media":0,"parent":0,"menu_order":0,"comment_status":"closed","ping_status":"closed","template":"","meta":[],"_links":{"self":[{"href":"https:\/\/balance-your-life.ie\/sk\/wp-json\/wp\/v2\/pages\/1777"}],"collection":[{"href":"https:\/\/balance-your-life.ie\/sk\/wp-json\/wp\/v2\/pages"}],"about":[{"href":"https:\/\/balance-your-life.ie\/sk\/wp-json\/wp\/v2\/types\/page"}],"author":[{"embeddable":true,"href":"https:\/\/balance-your-life.ie\/sk\/wp-json\/wp\/v2\/users\/1"}],"replies":[{"embeddable":true,"href":"https:\/\/balance-your-life.ie\/sk\/wp-json\/wp\/v2\/comments?post=1777"}],"version-history":[{"count":29,"href":"https:\/\/balance-your-life.ie\/sk\/wp-json\/wp\/v2\/pages\/1777\/revisions"}],"predecessor-version":[{"id":1836,"href":"https:\/\/balance-your-life.ie\/sk\/wp-json\/wp\/v2\/pages\/1777\/revisions\/1836"}],"wp:attachment":[{"href":"https:\/\/balance-your-life.ie\/sk\/wp-json\/wp\/v2\/media?parent=1777"}],"curies":[{"name":"wp","href":"https:\/\/api.w.org\/{rel}","templated":true}]}}