{"id":7,"date":"2016-06-17T13:51:52","date_gmt":"2016-06-17T13:51:52","guid":{"rendered":"http:\/\/balanceyourlifetherapy.ie\/?page_id=7"},"modified":"2021-02-19T13:59:40","modified_gmt":"2021-02-19T13:59:40","slug":"about","status":"publish","type":"page","link":"https:\/\/balance-your-life.ie\/sk\/about\/","title":{"rendered":"O"},"content":{"rendered":"<p>[vc_row css=&#8221;.vc_custom_1588846115014{margin-top: 50px !important;}&#8221;][vc_column][vc_video link=&#8221;https:\/\/www.youtube.com\/watch?v=IbSlAhvEYqw&amp;feature=youtu.be&amp;ab_channel=BalanceYourLife&#8221; align=&#8221;center&#8221;][\/vc_column][\/vc_row][vc_row css=&#8221;.vc_custom_1466398367573{margin-top: 50px !important;margin-bottom: 15px !important;}&#8221;][vc_column][vc_separator color=&#8221;custom&#8221; accent_color=&#8221;#ebebeb&#8221;][\/vc_column][\/vc_row][vc_row full_width=&#8221;stretch_row_content_no_spaces&#8221; equal_height=&#8221;yes&#8221;][vc_column width=&#8221;1\/3&#8243;][vc_single_image image=&#8221;1578&#8243; img_size=&#8221;full&#8221; style=&#8221;vc_box_shadow_3d&#8221;][\/vc_column][vc_column width=&#8221;2\/3&#8243; css=&#8221;.vc_custom_1495798899972{padding-top: 100px !important;padding-right: 50px !important;padding-left: 50px !important;}&#8221;]<h3 class=\"underline_text underline_text-1948722932 translation-block\">Ahoj, vol\u00e1m sa <span class=\"underline_text_span active\">Tom\u00e1\u0161 Dvorsk\u00fd<\/span><\/h3><h4 class=\"underline_text underline_text-1403313292 vc_custom_1495795623744\">Ver\u00edm, \u017ee dobr\u00e9 n\u00e1pady <span class=\"underline_text_span\">si zasl\u00fa\u017eia<\/span> ma\u0165 \u0161ancu r\u00e1s\u0165. <\/h4>[vc_column_text]<\/p>\n<div style=\"font-size: 16px !important;\">\n<p>Tom\u00e1\u0161 je transforma\u010dn\u00fd koa\u010d, predn\u00e1\u0161aj\u00faci a zakladate\u013e spolo\u010dnosti Balance Your Life, ktor\u00e1 pom\u00e1ha \u013eu\u010fom dosahova\u0165 ich ciele vo v\u0161etk\u00fdch aspektoch \u017eivota.<br \/>\nTom\u00e1\u0161 in\u0161piroval stovky \u013eud\u00ed vr\u00e1tane \u0161irokej \u0161k\u00e1ly konzultantov, tr\u00e9nerov, ved\u00facich pracovn\u00edkov a gener\u00e1lnych riadite\u013eov, aby dosiahli svoje ciele a \u017eili naplnuj\u00faci \u017eivot.<\/p>\n<p>Tom\u00e1\u0161 je tie\u017e kvalifikovan\u00fdm fyzioterapeutom registrovan\u00fdm v CORU, ktor\u00fd je vy\u0161kolen\u00fd v kognit\u00edvnych behavior\u00e1lnych terapi\u00e1ch a neurovede. To znamen\u00e1, \u017ee mu tieto vedomosti napom\u00e1haj\u00fa lep\u0161ie porozumie\u0165 tomu, ako sa boles\u0165 prejavuje medzi telom a mys\u013eou. Spojen\u00edm z\u00e1padnej a v\u00fdchodnej medic\u00edny do svojej praxe m\u00f4\u017eete z\u00edska\u0165 pomoc z rokov bolestiv\u00fdch, stresuj\u00facich a nevyrie\u0161en\u00fdch zdravotn\u00fdch probl\u00e9mov.<\/p>\n<p>Zameriava sa na nieko\u013eko techn\u00edk a n\u00e1strojov, ktor\u00e9 s\u00fa navrhnut\u00e9 tak, aby priniesli viac equilibrium (rovnov\u00e1hy). Je to zalo\u017een\u00e9 na z\u00e1konoch v\u00fd\u017eivy, psychol\u00f3gie, neurovedy, neuroplasticity, kvantovej fyziky, medit\u00e1cie, fyzick\u00e9ho cvi\u010denia a mnoh\u00fdch \u010fal\u0161\u00edch.<\/p>\n<p>Prostredn\u00edctvom svojich predn\u00e1\u0161ok a 1-1 kou\u010dingov\u00fdch seden\u00ed, \u013eudia za\u017eili pozit\u00edvne zmeny vo svojom zdrav\u00ed, osobnom \u017eivote, kari\u00e9re a \u0161portov\u00fdch v\u00fdkonoch. \u201cPr\u00edbeh, pre\u010do rob\u00edm tento druh pr\u00e1ce, siaha a\u017e do m\u00f4jho skor\u00e9ho detstva.<\/p>\n<p>Narodil som sa v rodine, ktor\u00e1 ma viedla k medit\u00e1cii a mindfulness u\u017e od \u00fatleho veku.\n\nM\u00f4j otec je holistick\u00fd terapeut a takto som sa in\u0161piroval k tomu, aby som pom\u00e1hal ostatn\u00fdm, \u010do sa stalo aj mojou v\u00e1\u0161\u0148ou. Mal som t\u00fa \u010des\u0165 z\u00edska\u0165 dve ocenenia:<\/p>\n<p>Prv\u00e1<em>Dosa\u017eite\u013e Roku<\/em> \u2018at Pre-University Fyzioterapie, a druh\u00fa \u2018\u2019<em>\u0160tudentsk\u00e1 Klinika Excelencia Ocenenie<\/em>'z m\u00f4jho titulu Fyzik\u00e1lna terapia, \u010do zd\u00f4raz\u0148uje moju v\u00e1\u0161e\u0148 a odhodlanie v tejto oblasti.<\/p>\n<p>&nbsp;<\/p>\n<p>Prostredn\u00edctvom m\u00f4j\u00edch akademick\u00fdch \u0161t\u00fadi\u00ed a v\u00fdskumov, ako aj \u0161tudovania \u017eivota \u00faspe\u0161n\u00fdch \u013eud\u00ed, som zhroma\u017edil najd\u00f4le\u017eitej\u0161ie inform\u00e1cie a premenil ich na program Life-Balance. Tento program mi nielen\u017ee pomohol zmeni\u0165 m\u00f4j \u017eivot, ale aj mnoh\u00e9 \u017eivoty mojich klientov.<\/p>\n<p><strong>Moj\u00edm cie\u013eom je in\u0161pirova\u0165 V\u00e1s v\u0161etk\u00fdch, aby ste transformovali svoje \u017eivoty, mohli navr\u00e1ti\u0165 svoju silu sp\u00e4\u0165, n\u00e1js\u0165 svoj najvy\u0161\u0161\u00ed potenci\u00e1l a tak aj \u017ei\u0165 svoj \u017eivot naplno. \u201c<\/strong><\/p>\n<\/div>\n<p>[\/vc_column_text][\/vc_column][\/vc_row][vc_row css=&#8221;.vc_custom_1466398367573{margin-top: 50px !important;margin-bottom: 15px !important;}&#8221;][vc_column][vc_separator color=&#8221;custom&#8221; accent_color=&#8221;#ebebeb&#8221;][\/vc_column][\/vc_row][vc_row css=&#8221;.vc_custom_1613743177676{margin-top: 50px !important;margin-bottom: 50px !important;}&#8221;][vc_column css=&#8221;.vc_custom_1466401293985{padding-right: 30px !important;}&#8221;][vc_custom_heading text=&#8221;Certifications&#8221; font_container=&#8221;tag:h3|font_size:30px|text_align:center|color:%23252525|line_height:1&#8243; use_theme_fonts=&#8221;yes&#8221; css=&#8221;.vc_custom_1489488710842{margin-top: 0px !important;margin-bottom: 35px !important;}&#8221;][vc_row_inner css=&#8221;.vc_custom_1466341450508{border-left-width: 1px !important;padding-left: 15px !important;border-left-color: #ebebeb !important;border-left-style: solid !important;}&#8221;][vc_column_inner width=&#8221;1\/2&#8243;][vc_single_image image=&#8221;1581&#8243; img_size=&#8221;medium&#8221; alignment=&#8221;center&#8221; style=&#8221;vc_box_shadow_border&#8221; onclick=&#8221;link_image&#8221;][\/vc_column_inner][vc_column_inner width=&#8221;1\/2&#8243;][vc_single_image image=&#8221;1580&#8243; img_size=&#8221;medium&#8221; alignment=&#8221;center&#8221; style=&#8221;vc_box_shadow_border&#8221; onclick=&#8221;link_image&#8221;][\/vc_column_inner][\/vc_row_inner][\/vc_column][\/vc_row][vc_row full_width=&#8221;stretch_row_content_no_spaces&#8221; css=&#8221;.vc_custom_1489492345754{margin-top: 80px !important;margin-bottom: 80px !important;}&#8221;][vc_column]<div style=\"text-align:center\"><a href=\"http:\/\/balanceyourlifetherapy.ie\/contact\/\" class=\"wpb_animate_when_almost_visible wpb_appear vc_lpd_button vc_lpd_button-lg vc_lpd_button-101546512\" title=\"\" target=\"\"><span>Contact me<\/span><\/a><\/div>[\/vc_column][\/vc_row]<\/p>","protected":false},"excerpt":{"rendered":"<p>[vc_row css=&#8221;.vc_custom_1588846115014{margin-top: 50px !important;}&#8221;][vc_column][vc_video link=&#8221;https:\/\/www.youtube.com\/watch?v=IbSlAhvEYqw&amp;feature=youtu.be&amp;ab_channel=BalanceYourLife&#8221; align=&#8221;center&#8221;][\/vc_column][\/vc_row][vc_row css=&#8221;.vc_custom_1466398367573{margin-top: 50px !important;margin-bottom: 15px !important;}&#8221;][vc_column][vc_separator color=&#8221;custom&#8221; accent_color=&#8221;#ebebeb&#8221;][\/vc_column][\/vc_row][vc_row full_width=&#8221;stretch_row_content_no_spaces&#8221; equal_height=&#8221;yes&#8221;][vc_column width=&#8221;1\/3&#8243;][vc_single_image image=&#8221;1578&#8243; img_size=&#8221;full&#8221; style=&#8221;vc_box_shadow_3d&#8221;][\/vc_column][vc_column width=&#8221;2\/3&#8243; [&hellip;]<\/p>","protected":false},"author":1,"featured_media":0,"parent":0,"menu_order":0,"comment_status":"closed","ping_status":"closed","template":"","meta":[],"_links":{"self":[{"href":"https:\/\/balance-your-life.ie\/sk\/wp-json\/wp\/v2\/pages\/7"}],"collection":[{"href":"https:\/\/balance-your-life.ie\/sk\/wp-json\/wp\/v2\/pages"}],"about":[{"href":"https:\/\/balance-your-life.ie\/sk\/wp-json\/wp\/v2\/types\/page"}],"author":[{"embeddable":true,"href":"https:\/\/balance-your-life.ie\/sk\/wp-json\/wp\/v2\/users\/1"}],"replies":[{"embeddable":true,"href":"https:\/\/balance-your-life.ie\/sk\/wp-json\/wp\/v2\/comments?post=7"}],"version-history":[{"count":129,"href":"https:\/\/balance-your-life.ie\/sk\/wp-json\/wp\/v2\/pages\/7\/revisions"}],"predecessor-version":[{"id":1830,"href":"https:\/\/balance-your-life.ie\/sk\/wp-json\/wp\/v2\/pages\/7\/revisions\/1830"}],"wp:attachment":[{"href":"https:\/\/balance-your-life.ie\/sk\/wp-json\/wp\/v2\/media?parent=7"}],"curies":[{"name":"wp","href":"https:\/\/api.w.org\/{rel}","templated":true}]}}