{"id":700,"date":"2017-05-25T18:17:30","date_gmt":"2017-05-25T18:17:30","guid":{"rendered":"http:\/\/balanceyourlifetherapy.ie\/?page_id=700"},"modified":"2020-05-06T17:21:41","modified_gmt":"2020-05-06T17:21:41","slug":"workshop","status":"publish","type":"page","link":"https:\/\/balance-your-life.ie\/sk\/services\/workshop\/","title":{"rendered":"Workshop"},"content":{"rendered":"<p>[vc_row full_width=&#8221;stretch_row_content_no_spaces&#8221; equal_height=&#8221;yes&#8221; css=&#8221;.vc_custom_1588784228860{margin-top: -50px !important;}&#8221; el_id=&#8221;workshop1&#8243;][vc_column width=&#8221;1\/2&#8243; el_class=&#8221;image-c2&#8243; offset=&#8221;vc_col-lg-6 vc_hidden-md vc_hidden-sm vc_hidden-xs&#8221; css=&#8221;.vc_custom_1588785632996{background-image: url(https:\/\/balance-your-life.ie\/wp-content\/uploads\/2020\/04\/corporate_online.jpg?id=1518) !important;}&#8221;][\/vc_column][vc_column css=&#8221;.vc_custom_1588785516540{padding-top: 50px !important;padding-right: 50px !important;padding-bottom: 50px !important;padding-left: 50px !important;background-color: #ffffff !important;}&#8221; el_class=&#8221;mobile-right-left-padding-fix&#8221; offset=&#8221;vc_col-lg-6 vc_col-md-12 vc_col-xs-12&#8243;][vc_single_image image=&#8221;1518&#8243; img_size=&#8221;full&#8221; alignment=&#8221;center&#8221; css=&#8221;.vc_custom_1588785582547{margin-top: -100px !important;margin-right: -50px !important;margin-left: -50px !important;}&#8221; el_class=&#8221;vc_hidden-lg&#8221;][vc_column_text css=&#8221;.vc_custom_1588784329152{margin-bottom: 40px !important;}&#8221;]Balance Your Life focuses on a number of techniques and tools that are designed to bring more equilibrium (balance) in all aspects of life.If you would like to bring new useful and very effective knowledge into your personal life, carrier, sport performance or health practice, this can be a life-changing experience for you.<\/p>\n<p>Qualifications: Physiotherapy\/ Physical Therapy, Sport Psychology &amp; Nutrition, Life &amp; Health Coaching, Personal Training<\/p>\n<p>During this workshop, I will present real cases from my signature Life Transformation Programme. This will highlight how certain beliefs and attitudes can limit you in achieving your goals. You will learn to reflect on the beliefs and attitudes which we have inherited from society\/our families etc.<br \/>\nThrough research and my own experiences; both with clients and in my own life, I have learned certain knowledge and tools which are very important in order to achieve success whether in relationships, health, happiness, career, finances&#8230;<\/p>\n<p>Some of the cases I will present are also health-related. They include pathologies which were unsuccessfully treated by therapists\/specialists for years. When those particular conditions were treated by my concept, (whereby the right order in body, mind and energy was achieved) physical symptoms decreased or disappeared.<\/p>\n<p>By introducing the knowledge and techniques of mastering yourself within all aspects of the body, mind, emotions and energy, great changes can happen, including:<br \/>\n[\/vc_column_text][vc_row_inner][vc_column_inner width=&#8221;1\/2&#8243;]<div class=\"\"><ul class=\"bulleted-list bulleted-list-976819857 bulleted-list-40 bulleted-list-type-3\"><li><i class=\"material-icons\">check_circle<\/i>Manifest\u00e1cia va\u0161ich t\u00fa\u017eob<\/li><li><i class=\"material-icons\">check_circle<\/i>Posun \u017eivota vpred<\/li><li><i class=\"material-icons\">check_circle<\/i>Effective coping strategies for stress, anxiety and depression<\/li><li><i class=\"material-icons\">check_circle<\/i>N\u00e1jdenie svojej vlastnej v\u00e1\u0161\u0148e a talentu<\/li><li><i class=\"material-icons\">check_circle<\/i>How to overcome procrastination<\/li><li><i class=\"material-icons\">check_circle<\/i>Ovl\u00e1da\u0165 svoje my\u0161lienky<\/li><li><i class=\"material-icons\">check_circle<\/i>Synchronising your brain hemispheres<\/li><li><i class=\"material-icons\">check_circle<\/i>Preprogramovanie mozgu na dosiahnutie efekt\u00edvnej\u0161ieho v\u00fdkonu<\/li><li><i class=\"material-icons\">check_circle<\/i>Zlep\u0161enie vizualiza\u010dn\u00fdch schopnost\u00ed<\/li><\/ul><\/div>[\/vc_column_inner][vc_column_inner width=&#8221;1\/2&#8243;]<div class=\"\"><ul class=\"bulleted-list bulleted-list-417048353 bulleted-list-40 bulleted-list-type-3\"><li><i class=\"material-icons\">check_circle<\/i>Pochopenie va\u0161ich em\u00f3ci\u00ed a uvo\u013enenie stresu<\/li><li><i class=\"material-icons\">check_circle<\/i>Zlep\u0161enie toku kreativity<\/li><li><i class=\"material-icons\">check_circle<\/i>Zlep\u0161enie va\u0161ich stravovac\u00edch n\u00e1vykov<\/li><li><i class=\"material-icons\">check_circle<\/i>Zlep\u0161enie v\u00fdkonu v akomko\u013evek \u0161porte<\/li><li><i class=\"material-icons\">check_circle<\/i>Z\u00edskanie spr\u00e1vneho fungovania \/ harm\u00f3nie tela<\/li><li><i class=\"material-icons\">check_circle<\/i>Weight management<\/li><li><i class=\"material-icons\">check_circle<\/i>Correct Breathing techniques<\/li><li><i class=\"material-icons\">check_circle<\/i>Becoming more conscious and focused<\/li><li><i class=\"material-icons\">check_circle<\/i>Working with your own electromagnetic field<\/li><\/ul><\/div>[\/vc_column_inner][\/vc_row_inner][\/vc_column][\/vc_row][vc_row full_width=&#8221;stretch_row_content_no_spaces&#8221; equal_height=&#8221;yes&#8221; el_id=&#8221;workshop2&#8243;][vc_column css=&#8221;.vc_custom_1497283149921{padding-top: 100px !important;padding-right: 50px !important;padding-bottom: 100px !important;padding-left: 50px !important;background-color: #252525 !important;}&#8221; offset=&#8221;vc_col-lg-6 vc_col-md-12 vc_col-xs-12&#8243; el_class=&#8221;mobile-right-left-padding-fix&#8221;][vc_single_image image=&#8221;1689&#8243; img_size=&#8221;full&#8221; alignment=&#8221;center&#8221; css=&#8221;.vc_custom_1588785229001{margin-top: -100px !important;margin-right: -50px !important;margin-left: -50px !important;}&#8221; el_class=&#8221;vc_hidden-lg&#8221;][vc_custom_heading text=&#8221;Would you like to live your life to the fullest, shedding old habitual patterns?&#8221; font_container=&#8221;tag:p|font_size:20|text_align:center|color:%23fcfcfc|line_height:2&#8243; google_fonts=&#8221;font_family:Poppins%3A300%2C400%2C500%2C600%2C700%2C|font_style:400%20regular%3A400%3Anormal&#8221; css=&#8221;.vc_custom_1588542286177{padding-top: 50px !important;padding-bottom: 50px !important;}&#8221;][vc_column_text css=&#8221;.vc_custom_1588542406979{margin-bottom: 40px !important;}&#8221; el_class=&#8221;opacity_80&#8243;]<\/p>\n<div style=\"font-size: 16px; color: #ffffff;\">\n<p>The Balance Your Life Therapy Workshop with Physio Tomas Dvorsky is ideally suited for anyone who would like to move forward in their life and tap into a new life force mechanism where western and eastern knowledge\/practices are combined together.<\/p>\n<p>So what exactly is the Balance Your Life Workshop all about?<\/p>\n<p>The human Body is a complex mechanism that functions by various principles. The key is to create a balance in all of these aspects for a more harmonious lifestyle.<\/p>\n<p>This workshop brings your life to the new level through the most essential knowledge and practical techniques gathered from years of research of the top scientists, psychologists, neuropsychologists, biologists, leaders and business people.<\/p>\n<p>It is an introduction to nutrition, psychology, neuroscience, neuroplasticity, quantum physics, meditation, physical exercise, biology and aims to provide informational gems that you can use straight away and apply into your daily life.<\/p>\n<\/div>\n<p>[\/vc_column_text][\/vc_column][vc_column width=&#8221;1\/2&#8243; offset=&#8221;vc_hidden-md vc_hidden-sm vc_hidden-xs&#8221; el_class=&#8221;image-c1&#8243; css=&#8221;.vc_custom_1588785644651{background-image: url(https:\/\/balance-your-life.ie\/wp-content\/uploads\/2020\/05\/24210054.jpg?id=1689) !important;}&#8221;][\/vc_column][\/vc_row][vc_row full_width=&#8221;stretch_row_content_no_spaces&#8221; el_id=&#8221;workshop3&#8243;][vc_column el_class=&#8221;workshop1&#8243;][vc_column_text css=&#8221;.vc_custom_1519858264740{padding-top: 50px !important;}&#8221;]<div id=\"lfb_bootstraped\" class=\"lfb_bootstraped\"><div id=\"estimation_popup\" data-showsteps=\"true\"      data-formtitle=\"Workshop Booking\" data-formsession=\"69e0f882e30c4\" data-autoclick=\"0\"  data-subs=\"\" data-form=\"1\" class=\"wpe_bootstraped\" data-stylefields=\"\" >\r\n                <div id=\"lfb_loader\"><div class=\"lfb_spinner\"><div class=\"double-bounce1\"><\/div><div class=\"double-bounce2\"><\/div><\/div><\/div><a id=\"wpe_close_btn\" href=\"javascript:\"><span class=\"fui-cross\"><\/span><\/a>\r\n                <div id=\"wpe_panel\">\r\n                <div class=\"container-fluid\">\r\n                    <div class=\"row\">\r\n                        <div class=\"\" ><p class=\"lfb_startBtnContainer\" style=\"display:none !important;\">\r\n                                <a href=\"javascript:\" onclick=\"lfb_startFormIntro(1);\" class=\"btn btn-large btn-primary\" id=\"btnStart\"><span class=\"fa fa-thumbs-up\"><\/span>GET STARTED<\/a>\r\n                            <\/p>\r\n\r\n                            <div id=\"genPrice\" class=\"genPrice\" style=\"display: none !important;\">\r\n                                <div class=\"progress\">\r\n                                    <div class=\"progress-bar\" style=\"width: 0%;\">\r\n                                        <div class=\"progress-bar-price\">\r\n                                            <span>0$<\/span>\r\n                                            \r\n                                        <\/div>\r\n                                    <\/div>\r\n\r\n                                <\/div>\r\n                            <\/div>\r\n                            <!-- \/genPrice -->\r\n                            <h2 id=\"finalText\" class=\"stepTitle\">Thank you for your booking. You will receive a email with your booking details.<\/h2>\r\n                        <\/div>\r\n                        <!-- \/col -->\r\n                    <\/div>\r\n                    <!-- \/row -->\r\n                <div id=\"mainPanel\" class=\"palette-clouds\" data-savecart=\"0\">\r\n                <input type=\"hidden\" name=\"action\" value=\"lfb_upload_form\"\/>\r\n                <input type=\"hidden\" id=\"lfb_formSession\" name=\"formSession\" value=\"69e0f882e30c4\"\/><div class=\"genSlide\" data-start=\"1\"    data-showstepsum=\"1\" data-stepid=\"14\" data-title=\"Book Your Place\"  data-dependitem=\"0\">\t<h2 class=\"stepTitle\">Book Your Place<\/h2>\t<div class=\"genContent container-fluid lfb_noDes\">\t\t<div class=\"row\"><div class=\"itemBloc col-md-12  lfb_item lfb_itemContainer_59\"><div class=\"form-group\"><label>Your Name<\/label>\r\n                 <div class=\"input-group\"><span class=\"input-group-addon\" id=\"basic-addon1\"><span class=\"fa fa-user\"><\/span><\/span><input  data-type=\"textfield\" type=\"text\"  data-autocomplete=\"0\" placeholder=\"\" data-fieldtype=\"\"         data-itemid=\"59\"   data-showinsummary=\"true\"  class=\"form-control\" data-required=\"true\" data-title=\"Your Name\" data-originaltitle=\"Your Name\" \/><\/div>\r\n                <\/div><\/div><div class=\"itemBloc col-md-12  lfb_item lfb_itemContainer_60\"><div class=\"form-group\"><label>Your Email<\/label>\r\n                 <div class=\"input-group\"><span class=\"input-group-addon\" id=\"basic-addon1\"><span class=\"fa fa-envelope\"><\/span><\/span><input  data-type=\"textfield\" type=\"text\" data-validation=\"email\" data-autocomplete=\"0\" placeholder=\"\" data-fieldtype=\"email\"     autocomplete=\"on\" name=\"email\"     data-itemid=\"60\"   data-showinsummary=\"true\"  class=\"form-control\" data-required=\"true\" data-title=\"Your Email\" data-originaltitle=\"Your Email\" \/><\/div>\r\n                <\/div><\/div> <\/div> <\/div><div class=\"errorMsg alert alert-danger\">You need to select an item to continue<\/div><p style=\"margin-top: 22px; position: absolute; width: 100%;\" class=\"text-center lfb_btnNextContainer\"><a href=\"javascript:\" id=\"lfb_btnNext_14\" class=\"btn btn-wide btn-primary btn-next\"><span class=\"fa fa-check\"><\/span>NEXT STEP<\/a><\/p><\/div><div class=\"genSlide\" data-start=\"0\"    data-showstepsum=\"1\" data-stepid=\"15\" data-title=\"Ticket Type\" data-required=\"true\" data-dependitem=\"0\">\t<h2 class=\"stepTitle\">Ticket Type<\/h2>\t<div class=\"genContent container-fluid lfb_noDes\">\t\t<div class=\"row\"><div class=\"itemBloc col-md-2  lfb_item lfb_itemContainer_67 lfb_picRow\"><div class=\"selectable\"            data-showprice=\"1\"  data-showinsummary=\"true\" data-woovar=\"0\" data-eddvar=\"0\" data-reduc=\"0\" data-reducqt=\"\"  data-operation=\"+\" data-itemid=\"67\"  data-group=\"ticket-type\"  data-prodid=\"0\" data-title=\"Standard : \u20ac75\" data-toggle=\"tooltip\" title=\"Standard : \u20ac75\" data-originaltitle=\"Standard\" data-placement=\"bottom\" data-price=\"75\" data-addtototal=\"0\" data-iconstyle=\"circle\" data-flipfx=\"1\"><img data-tint=\"false\" src=\"\/wp-content\/uploads\/2018\/06\/standard-BYLT-14-07-18-Workshop-300x300.png\" alt=\"\" class=\"img .png\" \/><span class=\"palette-clouds fui-cross  icon_select\"><\/span><\/div><p class=\"itemDes\" style=\"\">Standard Ticket \u20ac 75<\/p><\/div><div class=\"itemBloc col-md-2 lfb-hidden lfb_item lfb_itemContainer_68 lfb_picRow\"><div class=\"selectable\"            data-showprice=\"1\"  data-showinsummary=\"true\" data-woovar=\"0\" data-eddvar=\"0\" data-reduc=\"0\" data-reducqt=\"\"  data-operation=\"+\" data-itemid=\"68\"  data-group=\"ticket-type\"  data-prodid=\"0\" data-title=\"Early Bird : \u20ac60\" data-toggle=\"tooltip\" title=\"Early Bird : \u20ac60\" data-originaltitle=\"Early Bird\" data-placement=\"bottom\" data-price=\"60\" data-addtototal=\"0\" data-iconstyle=\"circle\" data-flipfx=\"1\"><img data-tint=\"false\" src=\"\/wp-content\/uploads\/2018\/06\/early-BYLT-14-07-18-Workshop.png\" alt=\"\" class=\"img .png\" \/><span class=\"palette-clouds fui-cross  icon_select\"><\/span><\/div><p class=\"itemDes\" style=\"\">Early Bird Ticket \u20ac60<br\/>Book until 9\/03\/2019<\/p><\/div><div class=\"itemBloc col-md-2 lfb-hidden lfb_item lfb_itemContainer_69 lfb_picRow\"><div class=\"selectable\"            data-showprice=\"1\"  data-showinsummary=\"true\" data-woovar=\"0\" data-eddvar=\"0\" data-reduc=\"0\" data-reducqt=\"\"  data-operation=\"+\" data-itemid=\"69\"  data-group=\"ticket-type\"  data-prodid=\"0\" data-title=\"3 people : \u20ac150\" data-toggle=\"tooltip\" title=\"3 people : \u20ac150\" data-originaltitle=\"3 people\" data-placement=\"bottom\" data-price=\"150\" data-addtototal=\"0\" data-iconstyle=\"circle\" data-flipfx=\"1\"><img data-tint=\"false\" src=\"\/wp-content\/uploads\/2018\/06\/3-BYLT-14-07-18-Workshop.png\" alt=\"\" class=\"img .png\" \/><span class=\"palette-clouds fui-cross  icon_select\"><\/span><\/div><p class=\"itemDes\" style=\"\">3 Tickets \u20ac 150<\/p><\/div> <\/div> <\/div><div class=\"errorMsg alert alert-danger\">You need to select an item to continue<\/div><p style=\"margin-top: 22px; position: absolute; width: 100%;\" class=\"text-center lfb_btnNextContainer\"><a href=\"javascript:\" id=\"lfb_btnNext_14\" class=\"btn btn-wide btn-primary btn-next\"><span class=\"fa fa-check\"><\/span>NEXT STEP<\/a><br\/><a href=\"javascript:\"  class=\"linkPrevious\"><span class=\"fa fa-arrow-left\"><\/span>return to previous step<\/a><\/p><\/div><div class=\"genSlide\" id=\"finalSlide\" data-stepid=\"final\" data-title=\"Your Booking\">\r\n                <h2 class=\"stepTitle\">Your Booking<\/h2>\r\n                <div class=\"genContent\">\r\n                    <div class=\"genContentSlide active\">\r\n                        <p id=\"lfb_finalLabel\" style=\"\">Balance Your Life Therapy Workshop<\/p><h3 id=\"finalPrice\" style=\"\"><span><\/span><\/h3><div id=\"lfb_subTxtValue\" style=\"display: none;\"><\/div>\r\n                   <div id=\"lfb_summary\" class=\"table-responsive lfb-hidden\">\r\n                        <h4>Summary<\/h4>\r\n                        <table class=\"table table-bordered\">\r\n                            <thead>\r\n                                <th>Description<\/th>\r\n                                <th class=\"lfb_valueTh\">Information<\/th>\r\n                                <th class=\"lfb_quantityTh\">Quantity<\/th>\r\n                                <th class=\"lfb_priceTh\">Price<\/th>\r\n                            <\/thead>\r\n                            <tbody>\r\n                                <tr id=\"lfb_summaryDiscountTr\" class=\"lfb_static\"><th colspan=\"3\">Discount :<\/th><th id=\"lfb_summaryDiscount\"><span><\/span><\/th><\/tr>\r\n                                <tr id=\"sfb_summaryTotalTr\" class=\"lfb_static\"><th colspan=\"3\">Total :<\/th><th id=\"lfb_summaryTotal\"><span><\/span><\/th><\/tr>\r\n                            <\/tbody>\r\n                        <\/table>\r\n                    <\/div>\r\n                    <div id=\"lfb_legalNoticeContent\"><p style=\"text-align: center; \">Our privacy Policy<\/p><p style=\"text-align: center; \"><a href=\"https:\/\/balanceyourlifetherapy.ie\/privacy-policy\/\" target=\"_blank\" style=\"font-size: 16px;\">https:\/\/balanceyourlifetherapy.ie\/privacy-policy\/<\/a><br><\/p><\/div>\r\n                    <div class=\"form-group\" style=\" margin-top: 14px;\">\r\n                      <label for=\"lfb_legalCheckbox\">I certify I completely read and I accept the legal notice by validating this form<\/label>\r\n                      <input type=\"checkbox\" data-toggle=\"switch\" id=\"lfb_legalCheckbox\" class=\"form-control\"\/>\r\n                    <\/div><form id=\"lfb_stripeForm\" action=\"\" data-title=\"Workshop Booking\" method=\"post\" data-trp-original-action=\"\"><div class=\"lfb_stripeContainer\">\r\n                    <div class=\"form-group\">\r\n                    <label>\r\n                      <span>Card number<\/span>\r\n                    <\/label>\r\n                    <br\/><input type=\"text\" size=\"20\" data-stripe=\"number\" class=\"form-control\">\r\n                  <\/div>\r\n                  <div class=\"form-group\">\r\n                    <label>\r\n                      <span>Expiration date (MM\/YY)<\/span>\r\n                    <\/label>\r\n                    <br\/><input type=\"text\" size=\"2\" data-stripe=\"exp_month\" class=\"form-control\" style=\"display: inline-block;margin-right: 8px; width: 60px;\">\r\n                    <span style=\"font-size: 24px;\"> \/ <\/span>\r\n                    <input type=\"text\" size=\"2\" data-stripe=\"exp_year\" class=\"form-control\" style=\"display: inline-block;margin-left: 8px; width: 60px;\">\r\n                  <\/div>\r\n\r\n                  <div class=\"form-group\">\r\n                    <label>\r\n                      <span>CVC<\/span>\r\n                    <\/label>\r\n                    <br\/><input type=\"text\" size=\"4\" data-stripe=\"cvc\"  class=\"form-control\" style=\"width: 110px;\">\r\n                  <\/div><img class=\"lfb_stripeLogoImg\" alt=\"Stripe\" src=\"\/wp-content\/plugins\/WP_Estimation_Form\/assets\/img\/powered_by_stripe@2x.png\" \/><span class=\"payment-errors\" style=\"color:red; font-size: 20px;padding-top: 28px;\"><\/span>\r\n                  <\/div><p style=\"margin-top: 38px; margin-bottom: -28px;\" class=\"lfb_btnNextContainer\"><input type=\"submit\" value=\"Submit Details\"  id=\"wpe_btnOrderStripe\"  class=\"btn btn-wide btn-primary\"><a href=\"javascript:\" class=\"linkPrevious\"><span class=\"fa fa-arrow-left\"><\/span>return to previous step<\/a><\/p><input type=\"hidden\" name=\"trp-form-language\" value=\"sk\"\/><\/form><\/p><\/div><\/div><\/div><\/div><\/div><\/div><\/div><\/div>[\/vc_column_text][\/vc_column][\/vc_row]<\/p>","protected":false},"excerpt":{"rendered":"<p>[vc_row full_width=&#8221;stretch_row_content_no_spaces&#8221; equal_height=&#8221;yes&#8221; css=&#8221;.vc_custom_1588784228860{margin-top: -50px !important;}&#8221; el_id=&#8221;workshop1&#8243;][vc_column width=&#8221;1\/2&#8243; el_class=&#8221;image-c2&#8243; offset=&#8221;vc_col-lg-6 vc_hidden-md vc_hidden-sm vc_hidden-xs&#8221; css=&#8221;.vc_custom_1588785632996{background-image: url(https:\/\/balance-your-life.ie\/wp-content\/uploads\/2020\/04\/corporate_online.jpg?id=1518) !important;}&#8221;][\/vc_column][vc_column css=&#8221;.vc_custom_1588785516540{padding-top: 50px !important;padding-right: 50px [&hellip;]<\/p>","protected":false},"author":1,"featured_media":0,"parent":5,"menu_order":0,"comment_status":"closed","ping_status":"closed","template":"","meta":[],"_links":{"self":[{"href":"https:\/\/balance-your-life.ie\/sk\/wp-json\/wp\/v2\/pages\/700"}],"collection":[{"href":"https:\/\/balance-your-life.ie\/sk\/wp-json\/wp\/v2\/pages"}],"about":[{"href":"https:\/\/balance-your-life.ie\/sk\/wp-json\/wp\/v2\/types\/page"}],"author":[{"embeddable":true,"href":"https:\/\/balance-your-life.ie\/sk\/wp-json\/wp\/v2\/users\/1"}],"replies":[{"embeddable":true,"href":"https:\/\/balance-your-life.ie\/sk\/wp-json\/wp\/v2\/comments?post=700"}],"version-history":[{"count":113,"href":"https:\/\/balance-your-life.ie\/sk\/wp-json\/wp\/v2\/pages\/700\/revisions"}],"predecessor-version":[{"id":1694,"href":"https:\/\/balance-your-life.ie\/sk\/wp-json\/wp\/v2\/pages\/700\/revisions\/1694"}],"up":[{"embeddable":true,"href":"https:\/\/balance-your-life.ie\/sk\/wp-json\/wp\/v2\/pages\/5"}],"wp:attachment":[{"href":"https:\/\/balance-your-life.ie\/sk\/wp-json\/wp\/v2\/media?parent=700"}],"curies":[{"name":"wp","href":"https:\/\/api.w.org\/{rel}","templated":true}]}}